{"id":1760,"date":"2025-01-24T09:57:21","date_gmt":"2025-01-24T08:57:21","guid":{"rendered":"https:\/\/2p8ckgcagxu.preview.infomaniak.website\/?page_id=1760"},"modified":"2026-04-01T15:59:26","modified_gmt":"2026-04-01T13:59:26","slug":"neophytes-envahissantes","status":"publish","type":"page","link":"https:\/\/zaemesammle.ch\/fr\/neophytes-envahissantes\/","title":{"rendered":"N\u00e9ophytes envahissantes"},"content":{"rendered":"\n<section class=\"wp-block-group section section-prim is-layout-constrained wp-block-group-is-layout-constrained\">\n<div class=\"wp-block-group container is-layout-constrained wp-block-group-is-layout-constrained\">\n<h1 class=\"wp-block-heading px-2\">N\u00e9ophytes envahissantes<\/h1>\n\n\n\n<div class=\"wp-block-group card rounded-5 is-layout-constrained wp-block-group-is-layout-constrained\" style=\"border-radius:25px\">\n<div class=\"wp-block-group card-body is-layout-constrained wp-block-group-is-layout-constrained\">\n<p>Les n\u00e9ophytes sont des plantes non indig\u00e8nes qui ont \u00e9t\u00e9 introduites intentionnellement ou non par l&rsquo;\u00eatre humain dans des zones situ\u00e9es en dehors de leur aire de r\u00e9partition naturelle. Certaines n\u00e9ophytes parviennent \u00e0 se multiplier et \u00e0 se propager si fortement qu&rsquo;elles causent des dommages. Elles sont appel\u00e9es n\u00e9ophytes envahissantes.   <\/p>\n\n\n\n<p class=\"has-secondary-color has-text-color has-link-color wp-elements-3f18d5992d11128c7ca88cdf5520f702\">Les n\u00e9ophytes envahissantes peuvent nuire \u00e0 la biodiversit\u00e9 indig\u00e8ne, causer des probl\u00e8mes de sant\u00e9, endommager les infrastructures et entra\u00eener des pertes de rendement dans l&rsquo;agriculture. <\/p>\n<\/div>\n<\/div>\n<\/div>\n<\/section>\n\n<section class=\"wp-block-group section section-prim is-layout-constrained wp-block-group-is-layout-constrained\">\n<div class=\"wp-block-group container is-layout-constrained wp-block-group-is-layout-constrained\">\n<h2 class=\"wp-block-heading has-text-align-left px-2\">Comment reconna\u00eetre les n\u00e9ophytes envahissantes ?<\/h2>\n\n\n\n<div class=\"wp-block-group card rounded-5 is-layout-constrained wp-block-group-is-layout-constrained\">\n<div class=\"wp-block-group card-body is-layout-constrained wp-block-group-is-layout-constrained\">\n<p>Chez <strong>#\u00e0l&rsquo;arrache<\/strong>, nous nous concentrons sur cinq plantes envahissantes courantes. Tu trouveras ici des fiches d&rsquo;information utiles sur ces cinq esp\u00e8ces :  <\/p>\n\n\n\n<ul class=\"wp-block-list\">\n<li><a href=\"https:\/\/www.infoflora.ch\/assets\/content\/documents\/neophytes\/inva_erig_ann_f.pdf\" data-type=\"link\" data-id=\"https:\/\/www.infoflora.ch\/assets\/content\/documents\/neophytes\/inva_erig_ann_f.pdf&lt;br&gt;\" target=\"_blank\" rel=\"noreferrer noopener\">Vergerette annuelle<\/a><\/li>\n\n\n\n<li><a href=\"https:\/\/www.infoflora.ch\/assets\/content\/documents\/neophytes\/inva_soli_can_f.pdf\" data-type=\"link\" data-id=\"https:\/\/www.infoflora.ch\/assets\/content\/documents\/neophytes\/inva_soli_can_f.pdf\" target=\"_blank\" rel=\"noreferrer noopener\">Solidages<br\/>nord-am\u00e9ricains<\/a><\/li>\n\n\n\n<li><a href=\"https:\/\/www.infoflora.ch\/assets\/content\/documents\/neophytes\/inva_sene_ina_f.pdf\" data-type=\"link\" data-id=\"https:\/\/www.infoflora.ch\/assets\/content\/documents\/neophytes\/inva_sene_ina_f.pdf\" target=\"_blank\" rel=\"noreferrer noopener\">S\u00e9ne\u00e7on sud-africain<\/a><\/li>\n\n\n\n<li><a href=\"https:\/\/www.infoflora.ch\/assets\/content\/documents\/neophytes\/inva_reyn_jap_f.pdf\" data-type=\"link\" data-id=\"https:\/\/www.infoflora.ch\/assets\/content\/documents\/neophytes\/inva_reyn_jap_f.pdf\" target=\"_blank\" rel=\"noreferrer noopener\">Renou\u00e9es asiatiques<\/a><\/li>\n\n\n\n<li><a href=\"https:\/\/www.infoflora.ch\/assets\/content\/documents\/neophytes\/inva_impa_gla_f.pdf\" data-type=\"link\" data-id=\"https:\/\/www.infoflora.ch\/fr\/flore\/impatiens-glandulifera.html\" target=\"_blank\" rel=\"noreferrer noopener\">Impatiente glanduleuse<\/a><\/li>\n<\/ul>\n\n\n\n<p class=\"has-secondary-color has-text-color has-link-color wp-elements-d922399ae4e33b856d3295fc050bed59\">Sur <a href=\"https:\/\/www.infoflora.ch\/fr\/neophytes\/neophytes.html\" data-type=\"link\" data-id=\"https:\/\/www.ag.ch\/de\/themen\/neobiota\/invasive-pflanzen-(neophyten)#MzY3MjE4Nw\" target=\"_blank\" rel=\"noreferrer noopener\">cette page web<\/a>, tu trouveras \u00e9galement d&rsquo;autres documents et informations sur le sujet. <\/p>\n<\/div>\n<\/div>\n<\/div>\n<\/section>\n\n<section class=\"wp-block-group section section-prim is-layout-constrained wp-block-group-is-layout-constrained\">\n<div class=\"wp-block-group container is-layout-constrained wp-block-group-is-layout-constrained\">\n<h2 class=\"wp-block-heading has-text-align-left px-2\">\u00c0 quoi ressemblent les n\u00e9ophytes envahissantes ?<\/h2>\n\n\n\n<div class=\"wp-block-group card rounded-5 is-layout-constrained wp-block-group-is-layout-constrained\">\n<div class=\"wp-block-group card-body is-layout-constrained wp-block-group-is-layout-constrained\">\n<div class=\"wp-block-group card-body is-layout-constrained wp-block-group-is-layout-constrained\">\n<figure class=\"wp-block-image aligncenter size-medium\"><img loading=\"lazy\" decoding=\"async\" width=\"230\" height=\"300\" src=\"https:\/\/zaemesammle.ch\/wp-content\/uploads\/2025\/02\/Drusiges_Springkraut-230x300.png\" alt=\"\" class=\"wp-image-534\" srcset=\"https:\/\/zaemesammle.ch\/wp-content\/uploads\/2025\/02\/Drusiges_Springkraut-230x300.png 230w, https:\/\/zaemesammle.ch\/wp-content\/uploads\/2025\/02\/Drusiges_Springkraut-784x1024.png 784w, https:\/\/zaemesammle.ch\/wp-content\/uploads\/2025\/02\/Drusiges_Springkraut-768x1003.png 768w, https:\/\/zaemesammle.ch\/wp-content\/uploads\/2025\/02\/Drusiges_Springkraut-1176x1536.png 1176w, https:\/\/zaemesammle.ch\/wp-content\/uploads\/2025\/02\/Drusiges_Springkraut.png 1500w\" sizes=\"auto, (max-width: 230px) 100vw, 230px\" \/><\/figure>\n\n\n\n<div class=\"wp-block-buttons is-content-justification-center is-layout-flex wp-container-core-buttons-is-layout-a89b3969 gap-1 mb-3\">\n<div class=\"wp-block-button btn\"><a class=\"wp-block-button__link has-background wp-element-button btn btn-primary\" href=\"https:\/\/www.infoflora.ch\/assets\/content\/documents\/neophytes\/inva_impa_gla_f.pdf\" style=\"background-color:#ffffff00\" target=\"_blank\" rel=\"noreferrer noopener\"><strong><strong>Impatiente glanduleuse<\/strong><\/strong><\/a><\/div>\n<\/div>\n<\/div>\n\n\n\n<div class=\"wp-block-group card-body is-layout-constrained wp-block-group-is-layout-constrained\">\n<figure class=\"wp-block-image aligncenter size-medium\"><img loading=\"lazy\" decoding=\"async\" width=\"230\" height=\"300\" src=\"https:\/\/zaemesammle.ch\/wp-content\/uploads\/2025\/02\/Asiatischer_Staudenknoterich-230x300.png\" alt=\"\" class=\"wp-image-535\" srcset=\"https:\/\/zaemesammle.ch\/wp-content\/uploads\/2025\/02\/Asiatischer_Staudenknoterich-230x300.png 230w, https:\/\/zaemesammle.ch\/wp-content\/uploads\/2025\/02\/Asiatischer_Staudenknoterich-784x1024.png 784w, https:\/\/zaemesammle.ch\/wp-content\/uploads\/2025\/02\/Asiatischer_Staudenknoterich-768x1003.png 768w, https:\/\/zaemesammle.ch\/wp-content\/uploads\/2025\/02\/Asiatischer_Staudenknoterich-1176x1536.png 1176w, https:\/\/zaemesammle.ch\/wp-content\/uploads\/2025\/02\/Asiatischer_Staudenknoterich.png 1500w\" sizes=\"auto, (max-width: 230px) 100vw, 230px\" \/><\/figure>\n\n\n\n<div class=\"wp-block-buttons is-content-justification-center is-layout-flex wp-container-core-buttons-is-layout-a89b3969 gap-1 mb-3\">\n<div class=\"wp-block-button btn\"><a class=\"wp-block-button__link has-background wp-element-button btn btn-primary\" href=\"https:\/\/www.infoflora.ch\/assets\/content\/documents\/neophytes\/inva_reyn_jap_f.pdf\" style=\"background-color:#ffffff00\" target=\"_blank\" rel=\"noreferrer noopener\"><strong><strong><strong>Renou\u00e9es asiatiques<\/strong><\/strong><\/strong><\/a><\/div>\n<\/div>\n<\/div>\n\n\n\n<div class=\"wp-block-group card-body is-layout-constrained wp-block-group-is-layout-constrained\">\n<figure class=\"wp-block-image aligncenter size-medium\"><img loading=\"lazy\" decoding=\"async\" width=\"230\" height=\"300\" src=\"https:\/\/zaemesammle.ch\/wp-content\/uploads\/2025\/02\/Einjahriges_Berufkraut-230x300.png\" alt=\"\" class=\"wp-image-533\" srcset=\"https:\/\/zaemesammle.ch\/wp-content\/uploads\/2025\/02\/Einjahriges_Berufkraut-230x300.png 230w, https:\/\/zaemesammle.ch\/wp-content\/uploads\/2025\/02\/Einjahriges_Berufkraut-784x1024.png 784w, https:\/\/zaemesammle.ch\/wp-content\/uploads\/2025\/02\/Einjahriges_Berufkraut-768x1003.png 768w, https:\/\/zaemesammle.ch\/wp-content\/uploads\/2025\/02\/Einjahriges_Berufkraut-1176x1536.png 1176w, https:\/\/zaemesammle.ch\/wp-content\/uploads\/2025\/02\/Einjahriges_Berufkraut.png 1500w\" sizes=\"auto, (max-width: 230px) 100vw, 230px\" \/><\/figure>\n\n\n\n<div class=\"wp-block-buttons is-content-justification-center is-layout-flex wp-container-core-buttons-is-layout-a89b3969 gap-1 mb-3\">\n<div class=\"wp-block-button btn\"><a class=\"wp-block-button__link has-background wp-element-button btn btn-primary\" href=\"https:\/\/www.infoflora.ch\/assets\/content\/documents\/neophytes\/inva_erig_ann_f.pdf\" style=\"background-color:#ffffff00\" target=\"_blank\" rel=\"noreferrer noopener\"><strong><strong>Vergerette annuelle<\/strong><\/strong><\/a><\/div>\n<\/div>\n<\/div>\n\n\n\n<div class=\"wp-block-group card-body is-layout-constrained wp-block-group-is-layout-constrained\">\n<figure class=\"wp-block-image aligncenter size-medium\"><img loading=\"lazy\" decoding=\"async\" width=\"230\" height=\"300\" src=\"https:\/\/zaemesammle.ch\/wp-content\/uploads\/2025\/02\/Schmalblattriges_Greiskraut-230x300.png\" alt=\"\" class=\"wp-image-531\" srcset=\"https:\/\/zaemesammle.ch\/wp-content\/uploads\/2025\/02\/Schmalblattriges_Greiskraut-230x300.png 230w, https:\/\/zaemesammle.ch\/wp-content\/uploads\/2025\/02\/Schmalblattriges_Greiskraut-784x1024.png 784w, https:\/\/zaemesammle.ch\/wp-content\/uploads\/2025\/02\/Schmalblattriges_Greiskraut-768x1003.png 768w, https:\/\/zaemesammle.ch\/wp-content\/uploads\/2025\/02\/Schmalblattriges_Greiskraut-1176x1536.png 1176w, https:\/\/zaemesammle.ch\/wp-content\/uploads\/2025\/02\/Schmalblattriges_Greiskraut.png 1500w\" sizes=\"auto, (max-width: 230px) 100vw, 230px\" \/><\/figure>\n\n\n\n<div class=\"wp-block-buttons is-content-justification-center is-layout-flex wp-container-core-buttons-is-layout-a89b3969 gap-1 mb-3\">\n<div class=\"wp-block-button btn\"><a class=\"wp-block-button__link has-background wp-element-button btn btn-primary\" href=\"https:\/\/www.infoflora.ch\/assets\/content\/documents\/neophytes\/inva_sene_ina_f.pdf\" style=\"background-color:#ffffff00\" target=\"_blank\" rel=\"noreferrer noopener\"><strong>S\u00e9ne\u00e7on sud-africain<\/strong><\/a><\/div>\n<\/div>\n<\/div>\n\n\n\n<div class=\"wp-block-group card-body is-layout-constrained wp-block-group-is-layout-constrained\">\n<figure class=\"wp-block-image aligncenter size-medium\"><img loading=\"lazy\" decoding=\"async\" width=\"230\" height=\"300\" src=\"https:\/\/zaemesammle.ch\/wp-content\/uploads\/2025\/02\/Nordamerikanische_Goldrute-230x300.png\" alt=\"\" class=\"wp-image-532\" srcset=\"https:\/\/zaemesammle.ch\/wp-content\/uploads\/2025\/02\/Nordamerikanische_Goldrute-230x300.png 230w, https:\/\/zaemesammle.ch\/wp-content\/uploads\/2025\/02\/Nordamerikanische_Goldrute-784x1024.png 784w, https:\/\/zaemesammle.ch\/wp-content\/uploads\/2025\/02\/Nordamerikanische_Goldrute-768x1003.png 768w, https:\/\/zaemesammle.ch\/wp-content\/uploads\/2025\/02\/Nordamerikanische_Goldrute-1176x1536.png 1176w, https:\/\/zaemesammle.ch\/wp-content\/uploads\/2025\/02\/Nordamerikanische_Goldrute.png 1500w\" sizes=\"auto, (max-width: 230px) 100vw, 230px\" \/><\/figure>\n\n\n\n<div class=\"wp-block-buttons is-content-justification-center is-layout-flex wp-container-core-buttons-is-layout-a89b3969 gap-1 mb-3\">\n<div class=\"wp-block-button btn\"><a class=\"wp-block-button__link has-background wp-element-button btn btn-primary\" href=\"https:\/\/www.infoflora.ch\/assets\/content\/documents\/neophytes\/inva_soli_can_f.pdf\" style=\"background-color:#ffffff00\" target=\"_blank\" rel=\"noreferrer noopener\"><strong><strong>Solidages nord-am\u00e9ricains<\/strong><\/strong><\/a><\/div>\n<\/div>\n<\/div>\n<\/div>\n<\/div>\n<\/div>\n<\/section>\n","protected":false},"excerpt":{"rendered":"<p>N\u00e9ophytes envahissantes Les n\u00e9ophytes sont des plantes non indig\u00e8nes qui ont \u00e9t\u00e9 introduites intentionnellement ou non par l&rsquo;\u00eatre humain dans des zones situ\u00e9es en dehors de leur aire de r\u00e9partition naturelle. Certaines n\u00e9ophytes parviennent \u00e0 se multiplier et \u00e0 se propager si fortement qu&rsquo;elles causent des dommages. Elles sont appel\u00e9es n\u00e9ophytes envahissantes. Les n\u00e9ophytes envahissantes [&hellip;]<\/p>\n","protected":false},"author":1,"featured_media":0,"parent":0,"menu_order":0,"comment_status":"closed","ping_status":"closed","template":"","meta":{"footnotes":""},"class_list":["post-1760","page","type-page","status-publish","hentry"],"_links":{"self":[{"href":"https:\/\/zaemesammle.ch\/fr\/wp-json\/wp\/v2\/pages\/1760","targetHints":{"allow":["GET"]}}],"collection":[{"href":"https:\/\/zaemesammle.ch\/fr\/wp-json\/wp\/v2\/pages"}],"about":[{"href":"https:\/\/zaemesammle.ch\/fr\/wp-json\/wp\/v2\/types\/page"}],"author":[{"embeddable":true,"href":"https:\/\/zaemesammle.ch\/fr\/wp-json\/wp\/v2\/users\/1"}],"replies":[{"embeddable":true,"href":"https:\/\/zaemesammle.ch\/fr\/wp-json\/wp\/v2\/comments?post=1760"}],"version-history":[{"count":28,"href":"https:\/\/zaemesammle.ch\/fr\/wp-json\/wp\/v2\/pages\/1760\/revisions"}],"predecessor-version":[{"id":2271,"href":"https:\/\/zaemesammle.ch\/fr\/wp-json\/wp\/v2\/pages\/1760\/revisions\/2271"}],"wp:attachment":[{"href":"https:\/\/zaemesammle.ch\/fr\/wp-json\/wp\/v2\/media?parent=1760"}],"curies":[{"name":"wp","href":"https:\/\/api.w.org\/{rel}","templated":true}]}}