{"id":1778,"date":"2025-01-24T09:55:53","date_gmt":"2025-01-24T08:55:53","guid":{"rendered":"https:\/\/2p8ckgcagxu.preview.infomaniak.website\/?page_id=1778"},"modified":"2026-04-07T16:05:44","modified_gmt":"2026-04-07T14:05:44","slug":"participer","status":"publish","type":"page","link":"https:\/\/zaemesammle.ch\/fr\/participer\/","title":{"rendered":"Participer"},"content":{"rendered":"\n<section class=\"wp-block-group section section-prim is-layout-constrained wp-block-group-is-layout-constrained\">\n<div class=\"wp-block-group container is-layout-constrained wp-block-group-is-layout-constrained\">\n<h1 class=\"wp-block-heading px-2\">Participer<\/h1>\n\n\n\n<div class=\"wp-block-group card rounded-5 is-content-justification-left is-layout-constrained wp-container-core-group-is-layout-12dd3699 wp-block-group-is-layout-constrained\">\n<div class=\"wp-block-group card-body is-layout-constrained wp-block-group-is-layout-constrained\">\n<p><strong>#\u00e0l&rsquo;arrache <\/strong>met en relation les responsables de terrain avec des volontaires pour lib\u00e9rer les zones touch\u00e9es des n\u00e9ophytes envahissantes. <\/p>\n\n\n\n<p>Rejoins <strong>#\u00e0l&rsquo;arrache <\/strong>et agis pour la biodiversit\u00e9 et l\u2019agriculture de ta r\u00e9gion ! Que tu signales des terrains touch\u00e9s ou que tu mettes la main \u00e0 la p\u00e2te, chaque contribution compte.  <\/p>\n<\/div>\n<\/div>\n\n\n<div class=\"lightweight-accordion has-background\"><details><summary class=\"lightweight-accordion-title\" style=\"background:var(--bs-secondary);\"><h2>Participer en tant que responsable de terrain<\/h2><\/summary><div class=\"lightweight-accordion-body\" style=\"border-color:var(--bs-secondary);\">\n\n<div class=\"wp-block-group card rounded-5 is-layout-constrained wp-block-group-is-layout-constrained\">\n<div class=\"wp-block-group card-body is-content-justification-left is-layout-constrained wp-container-core-group-is-layout-12dd3699 wp-block-group-is-layout-constrained\">\n<p>Tu as des n\u00e9ophytes envahissantes sur ton terrain ? Tu as du mal \u00e0 \u00e9liminer les n\u00e9ophytes envahissantes et aimerais b\u00e9n\u00e9ficier d\u2019un soutien pour t&rsquo;en d\u00e9barasser ? Sur #\u00e0l&rsquo;arrache, tu peux enregistrer les terrains concern\u00e9es et rechercher des volontaires de ta r\u00e9gion qui t&rsquo;aideront dans ton projet. <\/p>\n\n\n\n<p><strong>C\u2019est aussi simple que \u00e7a\u00a0: <\/strong><\/p>\n\n\n\n<ol start=\"1\" class=\"wp-block-list\">\n<li><a href=\"https:\/\/zaemesammle.ch\/fr\/inscription\/\" data-type=\"page\" data-id=\"163\"><strong>Inscris-toi<\/strong><\/a> sur <strong>#\u00e0l&rsquo;arrache<\/strong> <\/li>\n<\/ol>\n\n\n\n<ol start=\"2\" class=\"wp-block-list\">\n<li><strong><a href=\"https:\/\/zaemesammle.ch\/fr\/nouveau-terrain\/\" data-type=\"link\" data-id=\"https:\/\/zaemesammle.ch\/Neuer-Einsatzort\/\">Enregistre<\/a><\/strong> ton terrain sur la carte et indique quelles esp\u00e8ces de plantes envahissantes sont pr\u00e9sentes <\/li>\n<\/ol>\n\n\n\n<ol start=\"3\" class=\"wp-block-list\">\n<li><strong><a href=\"https:\/\/zaemesammle.ch\/freiwillige-suchen\" data-type=\"link\" data-id=\"https:\/\/zaemesammle.ch\/suche-nach-Flachenanbieterin\/\">Entre en contact<\/a><\/strong> avec des volontaires motiv\u00e9\u00b7es <\/li>\n<\/ol>\n\n\n\n<p><strong>Ce que tu dois savoir : <\/strong><\/p>\n\n\n\n<ul class=\"wp-block-list\">\n<li>Tu es responsable de former les volontaires sur place et de les accompagner pendant leur mission. <\/li>\n<\/ul>\n\n\n\n<ul class=\"wp-block-list\">\n<li>Tu t&rsquo;assures que les outils et l\u2019\u00e9quipement n\u00e9cessaires soient disponibles. <\/li>\n<\/ul>\n\n\n\n<ul class=\"wp-block-list\">\n<li>Tu veilles \u00e0 l\u2019\u00e9limination correcte des n\u00e9ophytes envahissantes. <\/li>\n<\/ul>\n\n\n\n<p>Si tu le souhaites, tu peux offrir aux volontaires une collation ou une r\u00e9compense pour les motiver \u00e0 t&rsquo;aider. <\/p>\n<\/div>\n<\/div>\n\n<\/div><\/details><\/div>\n\n<div class=\"lightweight-accordion has-background\"><details><summary class=\"lightweight-accordion-title\" style=\"background:var(--bs-secondary);\"><h2>Participer en tant que volontaire<\/h2><\/summary><div class=\"lightweight-accordion-body\" style=\"border-color:var(--bs-secondary);\">\n\n<div class=\"wp-block-group card rounded-5 is-layout-constrained wp-block-group-is-layout-constrained\">\n<div class=\"wp-block-group card-body is-content-justification-left is-layout-constrained wp-container-core-group-is-layout-12dd3699 wp-block-group-is-layout-constrained\">\n<p>Tu souhaites prot\u00e9ger la nature et soutenir l\u2019agriculture locale ? Inscris-toi et aide \u00e0 lib\u00e9rer les zones touch\u00e9es par les n\u00e9ophytes envahissantes. <\/p>\n\n\n\n<p><strong>C\u2019est aussi simple que \u00e7a\u00a0: <\/strong><\/p>\n\n\n\n<ol start=\"1\" class=\"wp-block-list\">\n<li><a href=\"https:\/\/zaemesammle.ch\/fr\/connexion\/\" data-type=\"page\" data-id=\"667\"><strong>Inscris-toi<\/strong><\/a> sur <strong>#\u00e0l&rsquo;arrache<\/strong> <\/li>\n<\/ol>\n\n\n\n<ol start=\"2\" class=\"wp-block-list\">\n<li><a href=\"https:\/\/zaemesammle.ch\/fr\/rechercher-un-terrain\/\" data-type=\"link\" data-id=\"https:\/\/zaemesammle.ch\/Einsatzort-suchen\/\"><strong>Trouve<\/strong><\/a> un terrain appropri\u00e9 <\/li>\n<\/ol>\n\n\n\n<ol start=\"3\" class=\"wp-block-list\">\n<li><strong><a href=\"https:\/\/zaemesammle.ch\/fr\/rechercher-un-terrain\/\" data-type=\"link\" data-id=\"https:\/\/zaemesammle.ch\/Einsatzort-suchen\/\">Entre en contact<\/a><\/strong> avec des responsables de terrain engag\u00e9\u00b7es <\/li>\n<\/ol>\n\n\n\n<p><strong>Ce que tu dois savoir : <\/strong><\/p>\n\n\n\n<ul class=\"wp-block-list\">\n<li>Les responsables de terrain comptent sur ton soutien lorsque tu t&rsquo;inscris \u00e0 une mission. Ne les laisse pas tomber !  <\/li>\n<\/ul>\n\n\n\n<ul class=\"wp-block-list\">\n<li>Tu seras brief\u00e9\u00b7e sur place. Aucune connaissance pr\u00e9alable n\u2019est requise.  <\/li>\n<\/ul>\n\n\n\n<ul class=\"wp-block-list\">\n<li>L\u2019assurance pour les missions rel\u00e8ve de la responsabilit\u00e9 des participant\u00b7es, respectivement des volontaires. <\/li>\n<\/ul>\n<\/div>\n<\/div>\n\n<\/div><\/details><\/div>\n\n<div class=\"lightweight-accordion has-background\"><details><summary class=\"lightweight-accordion-title\" style=\"background:var(--bs-secondary);\"><h2>Mat\u00e9riel de communication<\/h2><\/summary><div class=\"lightweight-accordion-body\" style=\"border-color:var(--bs-secondary);\">\n\n<div class=\"wp-block-group card rounded-5 is-layout-constrained wp-block-group-is-layout-constrained\">\n<div class=\"wp-block-group card-body is-content-justification-left is-layout-constrained wp-container-core-group-is-layout-12dd3699 wp-block-group-is-layout-constrained\">\n<p class=\"has-text-align-left\">Aide \u00e0 renforcer l\u2019impact de <strong>#\u00e0l&rsquo;arrache<\/strong> afin que les n\u00e9ophytes envahissantes puissent \u00eatre \u00e9limin\u00e9es durablement. Tu peux t\u00e9l\u00e9charger des flyers, des affiches et des mod\u00e8les pour r\u00e9seaux sociaux via le bouton et les partager sous format num\u00e9rique ou imprim\u00e9 dans ton r\u00e9seau. Merci beaucoup pour ton aide!  <\/p>\n\n\n\n<div class=\"wp-block-buttons col-12 mt-3 is-content-justification-center is-layout-flex wp-container-core-buttons-is-layout-a89b3969 gap-1 mb-3\">\n<div class=\"wp-block-button btn is-style-fill w-25\"><a class=\"wp-block-button__link wp-element-button btn btn-primary\" href=\"https:\/\/zaemesammle.ch\/fr\/kommunikationsmaterial-zaemesammle-2\/\">Mat\u00e9riel de communication (DE)<\/a><\/div>\n\n\n\n<div class=\"wp-block-button btn is-style-fill w-25\"><a class=\"wp-block-button__link wp-element-button btn btn-primary\" href=\"&lt;!--[CDATA[https:\/\/zaemesammle.ch\/wp-content\/uploads\/2026\/03\/Materiel-de-communication-alarrache.zip]]--&gt;\">Mat\u00e9riel de communication (FR)<\/a><\/div>\n<\/div>\n<\/div>\n<\/div>\n\n<\/div><\/details><\/div><\/div>\n<\/section>\n\n<section class=\"wp-block-group section section-prim is-layout-constrained wp-block-group-is-layout-constrained\">\n<div class=\"wp-block-group container is-layout-constrained wp-block-group-is-layout-constrained\">\n<div class=\"wp-block-cb-carousel mission-carousel\" data-slick=\"{&quot;slidesToShow&quot;:3,&quot;slidesToScroll&quot;:1,&quot;speed&quot;:200,&quot;arrows&quot;:true,&quot;dots&quot;:true,&quot;autoplay&quot;:true,&quot;autoplaySpeed&quot;:3000,&quot;infinite&quot;:true,&quot;responsive&quot;:[{&quot;breakpoint&quot;:769,&quot;settings&quot;:{&quot;slidesToShow&quot;:1,&quot;slidesToScroll&quot;:1}}]}\">\n<div class=\"wp-block-cb-slide\"><\/div>\n\n\n\n<div class=\"wp-block-cb-slide\"><\/div>\n\n\n\n<div class=\"wp-block-cb-slide\"><\/div>\n\n\n\n<div class=\"wp-block-cb-slide\"><\/div>\n\n\n\n<div class=\"wp-block-cb-slide\"><\/div>\n\n\n\n<div class=\"wp-block-cb-slide\"><\/div>\n<\/div>\n<\/div>\n<\/section>\n","protected":false},"excerpt":{"rendered":"<p>Participer #\u00e0l&rsquo;arrache met en relation les responsables de terrain avec des volontaires pour lib\u00e9rer les zones touch\u00e9es des n\u00e9ophytes envahissantes. Rejoins #\u00e0l&rsquo;arrache et agis pour la biodiversit\u00e9 et l\u2019agriculture de ta r\u00e9gion ! Que tu signales des terrains touch\u00e9s ou que tu mettes la main \u00e0 la p\u00e2te, chaque contribution compte.<\/p>\n","protected":false},"author":1,"featured_media":0,"parent":0,"menu_order":0,"comment_status":"closed","ping_status":"closed","template":"","meta":{"footnotes":""},"class_list":["post-1778","page","type-page","status-publish","hentry"],"_links":{"self":[{"href":"https:\/\/zaemesammle.ch\/fr\/wp-json\/wp\/v2\/pages\/1778","targetHints":{"allow":["GET"]}}],"collection":[{"href":"https:\/\/zaemesammle.ch\/fr\/wp-json\/wp\/v2\/pages"}],"about":[{"href":"https:\/\/zaemesammle.ch\/fr\/wp-json\/wp\/v2\/types\/page"}],"author":[{"embeddable":true,"href":"https:\/\/zaemesammle.ch\/fr\/wp-json\/wp\/v2\/users\/1"}],"replies":[{"embeddable":true,"href":"https:\/\/zaemesammle.ch\/fr\/wp-json\/wp\/v2\/comments?post=1778"}],"version-history":[{"count":20,"href":"https:\/\/zaemesammle.ch\/fr\/wp-json\/wp\/v2\/pages\/1778\/revisions"}],"predecessor-version":[{"id":2278,"href":"https:\/\/zaemesammle.ch\/fr\/wp-json\/wp\/v2\/pages\/1778\/revisions\/2278"}],"wp:attachment":[{"href":"https:\/\/zaemesammle.ch\/fr\/wp-json\/wp\/v2\/media?parent=1778"}],"curies":[{"name":"wp","href":"https:\/\/api.w.org\/{rel}","templated":true}]}}